{"id":4990,"date":"2023-01-17T08:04:23","date_gmt":"2023-01-17T07:04:23","guid":{"rendered":"https:\/\/dev.avanza.cat\/?page_id=4990"},"modified":"2024-10-16T13:49:01","modified_gmt":"2024-10-16T11:49:01","slug":"nosaltres","status":"publish","type":"page","link":"https:\/\/avanza.cat\/ca\/nosaltres\/","title":{"rendered":"Nosaltres"},"content":{"rendered":"\t\t<div data-elementor-type=\"wp-page\" data-elementor-id=\"4990\" class=\"elementor elementor-4990 elementor-26\" data-elementor-post-type=\"page\">\n\t\t\t\t        <section class=\"elementor-section elementor-top-section elementor-element elementor-element-605c112 elementor-section-boxed elementor-section-height-default elementor-section-height-default ct-header-fixed-none ct-row-max-none\" data-id=\"605c112\" data-element_type=\"section\" data-settings=\"{&quot;background_background&quot;:&quot;classic&quot;,&quot;shape_divider_bottom&quot;:&quot;triangle&quot;,&quot;shape_divider_bottom_negative&quot;:&quot;yes&quot;}\">\n                            <div class=\"elementor-background-overlay\"><\/div>\n                        <div class=\"elementor-shape elementor-shape-bottom\" data-negative=\"true\">\n            <svg xmlns=\"http:\/\/www.w3.org\/2000\/svg\" viewBox=\"0 0 1000 100\" preserveAspectRatio=\"none\">\n\t<path class=\"elementor-shape-fill\" d=\"M500.2,94.7L0,0v100h1000V0L500.2,94.7z\"\/>\n<\/svg>        <\/div>\n        \n                        <div class=\"elementor-container elementor-column-gap-default \">\n                    <div class=\"elementor-column elementor-col-100 elementor-top-column elementor-element elementor-element-8843f84\" data-id=\"8843f84\" data-element_type=\"column\">\n        <div class=\"elementor-widget-wrap elementor-element-populated\">\n                    \n        \t\t<div class=\"elementor-element elementor-element-a45fafa elementor-widget elementor-widget-spacer\" data-id=\"a45fafa\" data-element_type=\"widget\" data-widget_type=\"spacer.default\">\n\t\t\t\t<div class=\"elementor-widget-container\">\n\t\t\t\t\t<div class=\"elementor-spacer\">\n\t\t\t<div class=\"elementor-spacer-inner\"><\/div>\n\t\t<\/div>\n\t\t\t\t<\/div>\n\t\t\t\t<\/div>\n\t\t\t\t<div class=\"elementor-element elementor-element-2b0d4f2 elementor-widget elementor-widget-heading\" data-id=\"2b0d4f2\" data-element_type=\"widget\" data-widget_type=\"heading.default\">\n\t\t\t\t<div class=\"elementor-widget-container\">\n\t\t\t<h1 class=\"elementor-heading-title elementor-size-default\">La nostra Hist\u00f2ria<\/h1>\t\t<\/div>\n\t\t\t\t<\/div>\n\t\t\t\t<div class=\"elementor-element elementor-element-1db46ca elementor-widget elementor-widget-spacer\" data-id=\"1db46ca\" data-element_type=\"widget\" data-widget_type=\"spacer.default\">\n\t\t\t\t<div class=\"elementor-widget-container\">\n\t\t\t\t\t<div class=\"elementor-spacer\">\n\t\t\t<div class=\"elementor-spacer-inner\"><\/div>\n\t\t<\/div>\n\t\t\t\t<\/div>\n\t\t\t\t<\/div>\n\t\t<div class=\"elementor-element elementor-element-65b51b1 e-con-full e-flex e-con e-parent\" data-id=\"65b51b1\" data-element_type=\"container\" data-settings=\"{&quot;background_background&quot;:&quot;classic&quot;}\">\n\t\t<div class=\"elementor-element elementor-element-6e06851 e-con-full e-flex e-con e-child\" data-id=\"6e06851\" data-element_type=\"container\" data-settings=\"{&quot;background_background&quot;:&quot;classic&quot;}\">\n\t\t\t\t<div class=\"elementor-element elementor-element-eff0c3e elementor-widget elementor-widget-heading\" data-id=\"eff0c3e\" data-element_type=\"widget\" data-widget_type=\"heading.default\">\n\t\t\t\t<div class=\"elementor-widget-container\">\n\t\t\t<h2 class=\"elementor-heading-title elementor-size-default\">Per Ells<\/h2>\t\t<\/div>\n\t\t\t\t<\/div>\n\t\t\t\t<div class=\"elementor-element elementor-element-a17c88c elementor-widget elementor-widget-heading\" data-id=\"a17c88c\" data-element_type=\"widget\" data-widget_type=\"heading.default\">\n\t\t\t\t<div class=\"elementor-widget-container\">\n\t\t\t<h3 class=\"elementor-heading-title elementor-size-default\">L'Origen d'Avan\u00e7a<\/h3>\t\t<\/div>\n\t\t\t\t<\/div>\n\t\t\t\t<div class=\"elementor-element elementor-element-7317e8e elementor-widget elementor-widget-text-editor\" data-id=\"7317e8e\" data-element_type=\"widget\" data-widget_type=\"text-editor.default\">\n\t\t\t\t<div class=\"elementor-widget-container\">\n\t\t\t\t\t\t\t<p>Al cor del Vall\u00e8s, a Barcelona, va n\u00e9ixer &#8220;<span style=\"color: #b20933;\"><strong>per ells<\/strong><\/span>&#8220;, una companyia d?assist\u00e8ncia a domicili. Fundada per Dolores, una infermera dedicada, i el seu fill Marcos.<\/p>\n\t\t\t\t\t\t<\/div>\n\t\t\t\t<\/div>\n\t\t\t\t<\/div>\n\t\t<div class=\"elementor-element elementor-element-6d642ee e-con-full e-flex e-con e-child\" data-id=\"6d642ee\" data-element_type=\"container\">\n\t\t\t\t<div class=\"elementor-element elementor-element-50c4a09 elementor-widget elementor-widget-image\" data-id=\"50c4a09\" data-element_type=\"widget\" data-widget_type=\"image.default\">\n\t\t\t\t<div class=\"elementor-widget-container\">\n\t\t\t\t\t\t\t\t\t\t\t\t\t<img fetchpriority=\"high\" decoding=\"async\" width=\"640\" height=\"615\" src=\"https:\/\/avanza.cat\/wp-content\/uploads\/2024\/07\/por-ellos2.webp\" class=\"attachment-large size-large wp-image-6949\" alt=\"\" srcset=\"https:\/\/avanza.cat\/wp-content\/uploads\/2024\/07\/por-ellos2.webp 1000w, https:\/\/avanza.cat\/wp-content\/uploads\/2024\/07\/por-ellos2-300x288.webp 300w, https:\/\/avanza.cat\/wp-content\/uploads\/2024\/07\/por-ellos2-768x738.webp 768w\" sizes=\"(max-width: 640px) 100vw, 640px\" \/>\t\t\t\t\t\t\t\t\t\t\t\t\t<\/div>\n\t\t\t\t<\/div>\n\t\t\t\t<\/div>\n\t\t\t\t<\/div>\n\t\t\t\t<div class=\"elementor-element elementor-element-4fcf5b1 elementor-widget elementor-widget-spacer\" data-id=\"4fcf5b1\" data-element_type=\"widget\" data-widget_type=\"spacer.default\">\n\t\t\t\t<div class=\"elementor-widget-container\">\n\t\t\t\t\t<div class=\"elementor-spacer\">\n\t\t\t<div class=\"elementor-spacer-inner\"><\/div>\n\t\t<\/div>\n\t\t\t\t<\/div>\n\t\t\t\t<\/div>\n\t\t            <\/div>\n        <\/div>\n                    <\/div>\n        <\/section>\n        <div class=\"elementor-element elementor-element-20b9cff e-flex e-con-boxed e-con e-parent\" data-id=\"20b9cff\" data-element_type=\"container\" data-settings=\"{&quot;background_background&quot;:&quot;classic&quot;}\">\n\t\t\t\t\t<div class=\"e-con-inner\">\n\t\t<div class=\"elementor-element elementor-element-a52f900 e-con-full e-flex e-con e-child\" data-id=\"a52f900\" data-element_type=\"container\">\n\t\t\t\t<div class=\"elementor-element elementor-element-06c6d7f elementor-widget elementor-widget-image\" data-id=\"06c6d7f\" data-element_type=\"widget\" data-widget_type=\"image.default\">\n\t\t\t\t<div class=\"elementor-widget-container\">\n\t\t\t\t\t\t\t\t\t\t\t\t\t<img decoding=\"async\" width=\"1000\" height=\"964\" src=\"https:\/\/avanza.cat\/wp-content\/uploads\/2024\/07\/juan-madre.webp\" class=\"attachment-full size-full wp-image-6951\" alt=\"\" srcset=\"https:\/\/avanza.cat\/wp-content\/uploads\/2024\/07\/juan-madre.webp 1000w, https:\/\/avanza.cat\/wp-content\/uploads\/2024\/07\/juan-madre-300x289.webp 300w, https:\/\/avanza.cat\/wp-content\/uploads\/2024\/07\/juan-madre-768x740.webp 768w\" sizes=\"(max-width: 1000px) 100vw, 1000px\" \/>\t\t\t\t\t\t\t\t\t\t\t\t\t<\/div>\n\t\t\t\t<\/div>\n\t\t\t\t<\/div>\n\t\t<div class=\"elementor-element elementor-element-db27b6b e-con-full e-flex e-con e-child\" data-id=\"db27b6b\" data-element_type=\"container\">\n\t\t\t\t<div class=\"elementor-element elementor-element-a01aae1 elementor-widget elementor-widget-ct_heading\" data-id=\"a01aae1\" data-element_type=\"widget\" data-widget_type=\"ct_heading.default\">\n\t\t\t\t<div class=\"elementor-widget-container\">\n\t\t\t<div id=\"ct_heading-a01aae1\" class=\"ct-heading h-align-right sub-style1 ct-heading-left item-st-default\">\r\n\t<div class=\"ct-item--inner\">\r\n        <div class=\"ct-inline-css\"  data-css=\"\r\n            \">\r\n        <\/div>\r\n                <h3 class=\"item--title st-default case-animate-time\" data-wow-delay=\"ms\">\r\n                        <span class=\"sp-main\">\r\n                \r\n                2015\r\n                \r\n                            <\/span>\r\n                    <\/h3>\r\n    <\/div>\r\n<\/div>\t\t<\/div>\n\t\t\t\t<\/div>\n\t\t\t\t<div class=\"elementor-element elementor-element-03f6fe3 elementor-widget elementor-widget-heading\" data-id=\"03f6fe3\" data-element_type=\"widget\" data-widget_type=\"heading.default\">\n\t\t\t\t<div class=\"elementor-widget-container\">\n\t\t\t<h3 class=\"elementor-heading-title elementor-size-default\">Transformant Vides<\/h3>\t\t<\/div>\n\t\t\t\t<\/div>\n\t\t\t\t<div class=\"elementor-element elementor-element-fb1c6f6 elementor-widget__width-initial elementor-widget elementor-widget-text-editor\" data-id=\"fb1c6f6\" data-element_type=\"widget\" data-widget_type=\"text-editor.default\">\n\t\t\t\t<div class=\"elementor-widget-container\">\n\t\t\t\t\t\t\t<p><span style=\"color: #000000;\">Un dia, van rebre una trucada per cuidar Joan, un anci\u00e0 en estat pal\u00b7liatiu. Dolores va descobrir que Joan no estava malalt f\u00edsicament, sin\u00f3 que havia perdut la voluntat de viure. Amb paci\u00e8ncia i amor, Dolores li va oferir cures i suport emocional, aconseguint all\u00f2 impensable: Joan va recuperar el seu somriure i el desig de viure. Aquell dia va deixar de venir pal\u00b7liatius   <\/span><\/p>\n\t\t\t\t\t\t<\/div>\n\t\t\t\t<\/div>\n\t\t\t\t<\/div>\n\t\t\t\t\t<\/div>\n\t\t\t\t<\/div>\n\t\t<div class=\"elementor-element elementor-element-6e922ed e-flex e-con-boxed e-con e-parent\" data-id=\"6e922ed\" data-element_type=\"container\" data-settings=\"{&quot;background_background&quot;:&quot;classic&quot;}\">\n\t\t\t\t\t<div class=\"e-con-inner\">\n\t\t<div class=\"elementor-element elementor-element-b8926e4 e-con-full e-flex e-con e-child\" data-id=\"b8926e4\" data-element_type=\"container\">\n\t\t\t\t<div class=\"elementor-element elementor-element-6a36cdf elementor-widget elementor-widget-ct_heading\" data-id=\"6a36cdf\" data-element_type=\"widget\" data-widget_type=\"ct_heading.default\">\n\t\t\t\t<div class=\"elementor-widget-container\">\n\t\t\t<div id=\"ct_heading-6a36cdf\" class=\"ct-heading h-align-right sub-style1 ct-heading-left item-st-default\">\r\n\t<div class=\"ct-item--inner\">\r\n        <div class=\"ct-inline-css\"  data-css=\"\r\n            \">\r\n        <\/div>\r\n                <h3 class=\"item--title st-default case-animate-time\" data-wow-delay=\"ms\">\r\n                        <span class=\"sp-main\">\r\n                \r\n                2016\r\n                \r\n                            <\/span>\r\n                    <\/h3>\r\n    <\/div>\r\n<\/div>\t\t<\/div>\n\t\t\t\t<\/div>\n\t\t\t\t<div class=\"elementor-element elementor-element-0613921 elementor-widget elementor-widget-heading\" data-id=\"0613921\" data-element_type=\"widget\" data-widget_type=\"heading.default\">\n\t\t\t\t<div class=\"elementor-widget-container\">\n\t\t\t<h3 class=\"elementor-heading-title elementor-size-default\">Neix Avanza<\/h3>\t\t<\/div>\n\t\t\t\t<\/div>\n\t\t\t\t<div class=\"elementor-element elementor-element-789a9eb elementor-widget__width-initial elementor-widget elementor-widget-text-editor\" data-id=\"789a9eb\" data-element_type=\"widget\" data-widget_type=\"text-editor.default\">\n\t\t\t\t<div class=\"elementor-widget-container\">\n\t\t\t\t\t\t\t<p>Aquest miracle va inspirar Dolores i Marcos a reanomenar la seva empresa. Aix\u00ed va n\u00e9ixer Avanza, un nom que reflectia la seva missi\u00f3 d&#8217;ajudar els nostres grans a seguir endavant. Encara que els grans hagin recorregut un llarg cam\u00ed, encara tenen molt per viure, i Avanza \u00e9s aqu\u00ed per facilitar aquest viatge.  <\/p>\n\t\t\t\t\t\t<\/div>\n\t\t\t\t<\/div>\n\t\t\t\t<\/div>\n\t\t<div class=\"elementor-element elementor-element-8acba4a e-con-full e-flex e-con e-child\" data-id=\"8acba4a\" data-element_type=\"container\">\n\t\t\t\t<div class=\"elementor-element elementor-element-11a921e elementor-widget elementor-widget-image\" data-id=\"11a921e\" data-element_type=\"widget\" data-widget_type=\"image.default\">\n\t\t\t\t<div class=\"elementor-widget-container\">\n\t\t\t\t\t\t\t\t\t\t\t\t\t<img decoding=\"async\" width=\"640\" height=\"614\" src=\"https:\/\/avanza.cat\/wp-content\/uploads\/2024\/07\/avanza.webp\" class=\"attachment-large size-large wp-image-6941\" alt=\"\" srcset=\"https:\/\/avanza.cat\/wp-content\/uploads\/2024\/07\/avanza.webp 1000w, https:\/\/avanza.cat\/wp-content\/uploads\/2024\/07\/avanza-300x288.webp 300w, https:\/\/avanza.cat\/wp-content\/uploads\/2024\/07\/avanza-768x737.webp 768w\" sizes=\"(max-width: 640px) 100vw, 640px\" \/>\t\t\t\t\t\t\t\t\t\t\t\t\t<\/div>\n\t\t\t\t<\/div>\n\t\t\t\t<\/div>\n\t\t\t\t\t<\/div>\n\t\t\t\t<\/div>\n\t\t<div class=\"elementor-element elementor-element-771062f e-flex e-con-boxed e-con e-parent\" data-id=\"771062f\" data-element_type=\"container\" data-settings=\"{&quot;background_background&quot;:&quot;classic&quot;}\">\n\t\t\t\t\t<div class=\"e-con-inner\">\n\t\t<div class=\"elementor-element elementor-element-8de906b e-con-full e-flex e-con e-child\" data-id=\"8de906b\" data-element_type=\"container\">\n\t\t\t\t<div class=\"elementor-element elementor-element-4f37856 elementor-widget elementor-widget-image\" data-id=\"4f37856\" data-element_type=\"widget\" data-widget_type=\"image.default\">\n\t\t\t\t<div class=\"elementor-widget-container\">\n\t\t\t\t\t\t\t\t\t\t\t\t\t<img loading=\"lazy\" decoding=\"async\" width=\"1000\" height=\"992\" src=\"https:\/\/avanza.cat\/wp-content\/uploads\/2024\/07\/senor2.webp\" class=\"attachment-full size-full wp-image-6945\" alt=\"\" srcset=\"https:\/\/avanza.cat\/wp-content\/uploads\/2024\/07\/senor2.webp 1000w, https:\/\/avanza.cat\/wp-content\/uploads\/2024\/07\/senor2-300x298.webp 300w, https:\/\/avanza.cat\/wp-content\/uploads\/2024\/07\/senor2-150x150.webp 150w, https:\/\/avanza.cat\/wp-content\/uploads\/2024\/07\/senor2-768x762.webp 768w\" sizes=\"(max-width: 1000px) 100vw, 1000px\" \/>\t\t\t\t\t\t\t\t\t\t\t\t\t<\/div>\n\t\t\t\t<\/div>\n\t\t\t\t<\/div>\n\t\t<div class=\"elementor-element elementor-element-1689a5a e-con-full e-flex e-con e-child\" data-id=\"1689a5a\" data-element_type=\"container\">\n\t\t\t\t<div class=\"elementor-element elementor-element-81e065b elementor-widget elementor-widget-ct_heading\" data-id=\"81e065b\" data-element_type=\"widget\" data-widget_type=\"ct_heading.default\">\n\t\t\t\t<div class=\"elementor-widget-container\">\n\t\t\t<div id=\"ct_heading-81e065b\" class=\"ct-heading h-align-right sub-style1 ct-heading-left item-st-default\">\r\n\t<div class=\"ct-item--inner\">\r\n        <div class=\"ct-inline-css\"  data-css=\"\r\n            \">\r\n        <\/div>\r\n                <h3 class=\"item--title st-default case-animate-time\" data-wow-delay=\"ms\">\r\n                        <span class=\"sp-main\">\r\n                \r\n                2018\r\n                \r\n                            <\/span>\r\n                    <\/h3>\r\n    <\/div>\r\n<\/div>\t\t<\/div>\n\t\t\t\t<\/div>\n\t\t\t\t<div class=\"elementor-element elementor-element-29ed36e elementor-widget elementor-widget-heading\" data-id=\"29ed36e\" data-element_type=\"widget\" data-widget_type=\"heading.default\">\n\t\t\t\t<div class=\"elementor-widget-container\">\n\t\t\t<h3 class=\"elementor-heading-title elementor-size-default\">A Mem\u00f2ria de Joan<\/h3>\t\t<\/div>\n\t\t\t\t<\/div>\n\t\t\t\t<div class=\"elementor-element elementor-element-429c56e elementor-widget__width-initial elementor-widget elementor-widget-text-editor\" data-id=\"429c56e\" data-element_type=\"widget\" data-widget_type=\"text-editor.default\">\n\t\t\t\t<div class=\"elementor-widget-container\">\n\t\t\t\t\t\t\t<p>Encara que Joan va morir dos anys despr\u00e9s, la seva hist\u00f2ria i somriure segueixen als nostres cors, recordant-nos cada dia la import\u00e0ncia de la nostra tasca.<\/p>\n\t\t\t\t\t\t<\/div>\n\t\t\t\t<\/div>\n\t\t\t\t<\/div>\n\t\t\t\t\t<\/div>\n\t\t\t\t<\/div>\n\t\t\t\t<\/div>\n\t\t","protected":false},"excerpt":{"rendered":"<p>La nostra Hist\u00f2ria Per Ells L&#8217;Origen d&#8217;Avan\u00e7a Al cor del Vall\u00e8s, a Barcelona, va n\u00e9ixer &#8220;per ells&#8220;, una companyia d?assist\u00e8ncia a domicili. Fundada per Dolores, una infermera dedicada, i el seu fill Marcos. 2015 Transformant Vides Un dia, van rebre una trucada per cuidar Joan, un anci\u00e0 en estat pal\u00b7liatiu. Dolores va descobrir que Joan [&hellip;]<\/p>\n","protected":false},"author":1,"featured_media":0,"parent":0,"menu_order":0,"comment_status":"closed","ping_status":"closed","template":"","meta":{"footnotes":""},"class_list":["post-4990","page","type-page","status-publish","hentry"],"yoast_head":"<!-- This site is optimized with the Yoast SEO plugin v23.7 - https:\/\/yoast.com\/wordpress\/plugins\/seo\/ -->\n<title>Nosaltres - Avanza Contigo<\/title>\n<meta name=\"robots\" content=\"index, follow, max-snippet:-1, max-image-preview:large, max-video-preview:-1\" \/>\n<link rel=\"canonical\" href=\"https:\/\/avanza.cat\/ca\/nosaltres\/\" \/>\n<meta property=\"og:locale\" content=\"ca_ES\" \/>\n<meta property=\"og:type\" content=\"article\" \/>\n<meta property=\"og:title\" content=\"Nosaltres - Avanza Contigo\" \/>\n<meta property=\"og:description\" content=\"La nostra Hist\u00f2ria Per Ells L&#8217;Origen d&#8217;Avan\u00e7a Al cor del Vall\u00e8s, a Barcelona, va n\u00e9ixer &#8220;per ells&#8220;, una companyia d?assist\u00e8ncia a domicili. Fundada per Dolores, una infermera dedicada, i el seu fill Marcos. 2015 Transformant Vides Un dia, van rebre una trucada per cuidar Joan, un anci\u00e0 en estat pal\u00b7liatiu. Dolores va descobrir que Joan [&hellip;]\" \/>\n<meta property=\"og:url\" content=\"https:\/\/avanza.cat\/ca\/nosaltres\/\" \/>\n<meta property=\"og:site_name\" content=\"Avanza Contigo\" \/>\n<meta property=\"article:modified_time\" content=\"2024-10-16T11:49:01+00:00\" \/>\n<meta property=\"og:image\" content=\"https:\/\/avanza.cat\/wp-content\/uploads\/2024\/07\/por-ellos2.webp\" \/>\n<meta name=\"twitter:card\" content=\"summary_large_image\" \/>\n<meta name=\"twitter:label1\" content=\"Temps estimat de lectura\" \/>\n\t<meta name=\"twitter:data1\" content=\"2 minuts\" \/>\n<script type=\"application\/ld+json\" class=\"yoast-schema-graph\">{\"@context\":\"https:\/\/schema.org\",\"@graph\":[{\"@type\":\"WebPage\",\"@id\":\"https:\/\/avanza.cat\/ca\/nosaltres\/\",\"url\":\"https:\/\/avanza.cat\/ca\/nosaltres\/\",\"name\":\"Nosaltres - Avanza Contigo\",\"isPartOf\":{\"@id\":\"https:\/\/avanza.cat\/#website\"},\"primaryImageOfPage\":{\"@id\":\"https:\/\/avanza.cat\/ca\/nosaltres\/#primaryimage\"},\"image\":{\"@id\":\"https:\/\/avanza.cat\/ca\/nosaltres\/#primaryimage\"},\"thumbnailUrl\":\"https:\/\/avanza.cat\/wp-content\/uploads\/2024\/07\/por-ellos2.webp\",\"datePublished\":\"2023-01-17T07:04:23+00:00\",\"dateModified\":\"2024-10-16T11:49:01+00:00\",\"breadcrumb\":{\"@id\":\"https:\/\/avanza.cat\/ca\/nosaltres\/#breadcrumb\"},\"inLanguage\":\"ca\",\"potentialAction\":[{\"@type\":\"ReadAction\",\"target\":[\"https:\/\/avanza.cat\/ca\/nosaltres\/\"]}]},{\"@type\":\"ImageObject\",\"inLanguage\":\"ca\",\"@id\":\"https:\/\/avanza.cat\/ca\/nosaltres\/#primaryimage\",\"url\":\"https:\/\/avanza.cat\/wp-content\/uploads\/2024\/07\/por-ellos2.webp\",\"contentUrl\":\"https:\/\/avanza.cat\/wp-content\/uploads\/2024\/07\/por-ellos2.webp\"},{\"@type\":\"BreadcrumbList\",\"@id\":\"https:\/\/avanza.cat\/ca\/nosaltres\/#breadcrumb\",\"itemListElement\":[{\"@type\":\"ListItem\",\"position\":1,\"name\":\"Portada\",\"item\":\"https:\/\/avanza.cat\/\"},{\"@type\":\"ListItem\",\"position\":2,\"name\":\"Nosaltres\"}]},{\"@type\":\"WebSite\",\"@id\":\"https:\/\/avanza.cat\/#website\",\"url\":\"https:\/\/avanza.cat\/\",\"name\":\"Avanza Contigo\",\"description\":\"\",\"potentialAction\":[{\"@type\":\"SearchAction\",\"target\":{\"@type\":\"EntryPoint\",\"urlTemplate\":\"https:\/\/avanza.cat\/?s={search_term_string}\"},\"query-input\":{\"@type\":\"PropertyValueSpecification\",\"valueRequired\":true,\"valueName\":\"search_term_string\"}}],\"inLanguage\":\"ca\"}]}<\/script>\n<!-- \/ Yoast SEO plugin. -->","yoast_head_json":{"title":"Nosaltres - Avanza Contigo","robots":{"index":"index","follow":"follow","max-snippet":"max-snippet:-1","max-image-preview":"max-image-preview:large","max-video-preview":"max-video-preview:-1"},"canonical":"https:\/\/avanza.cat\/ca\/nosaltres\/","og_locale":"ca_ES","og_type":"article","og_title":"Nosaltres - Avanza Contigo","og_description":"La nostra Hist\u00f2ria Per Ells L&#8217;Origen d&#8217;Avan\u00e7a Al cor del Vall\u00e8s, a Barcelona, va n\u00e9ixer &#8220;per ells&#8220;, una companyia d?assist\u00e8ncia a domicili. Fundada per Dolores, una infermera dedicada, i el seu fill Marcos. 2015 Transformant Vides Un dia, van rebre una trucada per cuidar Joan, un anci\u00e0 en estat pal\u00b7liatiu. Dolores va descobrir que Joan [&hellip;]","og_url":"https:\/\/avanza.cat\/ca\/nosaltres\/","og_site_name":"Avanza Contigo","article_modified_time":"2024-10-16T11:49:01+00:00","og_image":[{"url":"https:\/\/avanza.cat\/wp-content\/uploads\/2024\/07\/por-ellos2.webp"}],"twitter_card":"summary_large_image","twitter_misc":{"Temps estimat de lectura":"2 minuts"},"schema":{"@context":"https:\/\/schema.org","@graph":[{"@type":"WebPage","@id":"https:\/\/avanza.cat\/ca\/nosaltres\/","url":"https:\/\/avanza.cat\/ca\/nosaltres\/","name":"Nosaltres - Avanza Contigo","isPartOf":{"@id":"https:\/\/avanza.cat\/#website"},"primaryImageOfPage":{"@id":"https:\/\/avanza.cat\/ca\/nosaltres\/#primaryimage"},"image":{"@id":"https:\/\/avanza.cat\/ca\/nosaltres\/#primaryimage"},"thumbnailUrl":"https:\/\/avanza.cat\/wp-content\/uploads\/2024\/07\/por-ellos2.webp","datePublished":"2023-01-17T07:04:23+00:00","dateModified":"2024-10-16T11:49:01+00:00","breadcrumb":{"@id":"https:\/\/avanza.cat\/ca\/nosaltres\/#breadcrumb"},"inLanguage":"ca","potentialAction":[{"@type":"ReadAction","target":["https:\/\/avanza.cat\/ca\/nosaltres\/"]}]},{"@type":"ImageObject","inLanguage":"ca","@id":"https:\/\/avanza.cat\/ca\/nosaltres\/#primaryimage","url":"https:\/\/avanza.cat\/wp-content\/uploads\/2024\/07\/por-ellos2.webp","contentUrl":"https:\/\/avanza.cat\/wp-content\/uploads\/2024\/07\/por-ellos2.webp"},{"@type":"BreadcrumbList","@id":"https:\/\/avanza.cat\/ca\/nosaltres\/#breadcrumb","itemListElement":[{"@type":"ListItem","position":1,"name":"Portada","item":"https:\/\/avanza.cat\/"},{"@type":"ListItem","position":2,"name":"Nosaltres"}]},{"@type":"WebSite","@id":"https:\/\/avanza.cat\/#website","url":"https:\/\/avanza.cat\/","name":"Avanza Contigo","description":"","potentialAction":[{"@type":"SearchAction","target":{"@type":"EntryPoint","urlTemplate":"https:\/\/avanza.cat\/?s={search_term_string}"},"query-input":{"@type":"PropertyValueSpecification","valueRequired":true,"valueName":"search_term_string"}}],"inLanguage":"ca"}]}},"_links":{"self":[{"href":"https:\/\/avanza.cat\/ca\/wp-json\/wp\/v2\/pages\/4990","targetHints":{"allow":["GET"]}}],"collection":[{"href":"https:\/\/avanza.cat\/ca\/wp-json\/wp\/v2\/pages"}],"about":[{"href":"https:\/\/avanza.cat\/ca\/wp-json\/wp\/v2\/types\/page"}],"author":[{"embeddable":true,"href":"https:\/\/avanza.cat\/ca\/wp-json\/wp\/v2\/users\/1"}],"replies":[{"embeddable":true,"href":"https:\/\/avanza.cat\/ca\/wp-json\/wp\/v2\/comments?post=4990"}],"version-history":[{"count":0,"href":"https:\/\/avanza.cat\/ca\/wp-json\/wp\/v2\/pages\/4990\/revisions"}],"wp:attachment":[{"href":"https:\/\/avanza.cat\/ca\/wp-json\/wp\/v2\/media?parent=4990"}],"curies":[{"name":"wp","href":"https:\/\/api.w.org\/{rel}","templated":true}]}}