{"id":5012,"date":"2023-01-10T08:04:10","date_gmt":"2023-01-10T07:04:10","guid":{"rendered":"https:\/\/dev.avanza.cat\/?page_id=5012"},"modified":"2024-09-24T14:17:23","modified_gmt":"2024-09-24T12:17:23","slug":"contacte","status":"publish","type":"page","link":"https:\/\/avanza.cat\/ca\/contacte\/","title":{"rendered":"Contacte"},"content":{"rendered":"\t\t<div data-elementor-type=\"wp-page\" data-elementor-id=\"5012\" class=\"elementor elementor-5012 elementor-24\" data-elementor-post-type=\"page\">\n\t\t\t\t<div class=\"elementor-element elementor-element-3b30716 e-flex e-con-boxed e-con e-parent\" data-id=\"3b30716\" data-element_type=\"container\" data-settings=\"{&quot;background_background&quot;:&quot;video&quot;,&quot;background_video_link&quot;:&quot;https:\\\/\\\/avanza.cat\\\/wp-content\\\/uploads\\\/2024\\\/08\\\/manos.mp4&quot;,&quot;background_play_on_mobile&quot;:&quot;yes&quot;}\">\n\t\t\t\t\t<div class=\"e-con-inner\">\n\t\t<div class=\"elementor-background-video-container\">\n\t\t\t\t\t\t\t<video class=\"elementor-background-video-hosted elementor-html5-video\" autoplay muted playsinline loop><\/video>\n\t\t\t\t\t<\/div><div class=\"elementor-element elementor-element-48870e3 e-con-full e-flex e-con e-child\" data-id=\"48870e3\" data-element_type=\"container\">\n\t\t\t\t<div class=\"elementor-element elementor-element-4139ed08 elementor-widget elementor-widget-heading\" data-id=\"4139ed08\" data-element_type=\"widget\" data-widget_type=\"heading.default\">\n\t\t\t\t<div class=\"elementor-widget-container\">\n\t\t\t<h3 class=\"elementor-heading-title elementor-size-default\">Cont\u00e0ctans<\/h3>\t\t<\/div>\n\t\t\t\t<\/div>\n\t\t\t\t<div class=\"elementor-element elementor-element-ec38e46 elementor-widget elementor-widget-text-editor\" data-id=\"ec38e46\" data-element_type=\"widget\" data-widget_type=\"text-editor.default\">\n\t\t\t\t<div class=\"elementor-widget-container\">\n\t\t\t\t\t\t\t<p>i millora la qualitat de vida de la teva fam\u00edlia, Junts, podem crear un pla personalitzat que garanteixi el benestar i la comoditat dels teus \u00e9ssers estimats.<\/p>\n\t\t\t\t\t\t<\/div>\n\t\t\t\t<\/div>\n\t\t\t\t<div class=\"elementor-element elementor-element-4dd265f elementor-widget elementor-widget-image\" data-id=\"4dd265f\" data-element_type=\"widget\" data-widget_type=\"image.default\">\n\t\t\t\t<div class=\"elementor-widget-container\">\n\t\t\t\t\t\t\t\t\t\t\t\t\t<img fetchpriority=\"high\" decoding=\"async\" width=\"600\" height=\"570\" src=\"https:\/\/avanza.cat\/wp-content\/uploads\/2024\/07\/cuidado-calidad.webp\" class=\"attachment-full size-full wp-image-6932\" alt=\"\" srcset=\"https:\/\/avanza.cat\/wp-content\/uploads\/2024\/07\/cuidado-calidad.webp 600w, https:\/\/avanza.cat\/wp-content\/uploads\/2024\/07\/cuidado-calidad-300x285.webp 300w\" sizes=\"(max-width: 600px) 100vw, 600px\" \/>\t\t\t\t\t\t\t\t\t\t\t\t\t<\/div>\n\t\t\t\t<\/div>\n\t\t\t\t<\/div>\n\t\t<div class=\"elementor-element elementor-element-64e0d4e5 e-flex e-con-boxed e-con e-child\" data-id=\"64e0d4e5\" data-element_type=\"container\" id=\"form\" data-settings=\"{&quot;background_background&quot;:&quot;classic&quot;}\">\n\t\t\t\t\t<div class=\"e-con-inner\">\n\t\t\t\t<div class=\"elementor-element elementor-element-6528ff11 elementor-tabs-view-horizontal elementor-widget elementor-widget-tabs\" data-id=\"6528ff11\" data-element_type=\"widget\" data-widget_type=\"tabs.default\">\n\t\t\t\t<div class=\"elementor-widget-container\">\n\t\t\t\t\t<div class=\"elementor-tabs\">\n\t\t\t<div class=\"elementor-tabs-wrapper\" role=\"tablist\" >\n\t\t\t\t\t\t\t\t\t<div id=\"elementor-tab-title-1691\" class=\"elementor-tab-title elementor-tab-desktop-title\" aria-selected=\"true\" data-tab=\"1\" role=\"tab\" tabindex=\"0\" aria-controls=\"elementor-tab-content-1691\" aria-expanded=\"false\">Formulari de contacte<\/div>\n\t\t\t\t\t\t\t\t\t<div id=\"elementor-tab-title-1692\" class=\"elementor-tab-title elementor-tab-desktop-title\" aria-selected=\"false\" data-tab=\"2\" role=\"tab\" tabindex=\"-1\" aria-controls=\"elementor-tab-content-1692\" aria-expanded=\"false\">Treballa amb nosaltres<\/div>\n\t\t\t\t\t\t\t<\/div>\n\t\t\t<div class=\"elementor-tabs-content-wrapper\" role=\"tablist\" aria-orientation=\"vertical\">\n\t\t\t\t\t\t\t\t\t<div class=\"elementor-tab-title elementor-tab-mobile-title\" aria-selected=\"true\" data-tab=\"1\" role=\"tab\" tabindex=\"0\" aria-controls=\"elementor-tab-content-1691\" aria-expanded=\"false\">Formulari de contacte<\/div>\n\t\t\t\t\t<div id=\"elementor-tab-content-1691\" class=\"elementor-tab-content elementor-clearfix\" data-tab=\"1\" role=\"tabpanel\" aria-labelledby=\"elementor-tab-title-1691\" tabindex=\"0\" hidden=\"false\">\n<div class=\"wpcf7 no-js\" id=\"wpcf7-f2166-o1\" lang=\"en-US\" dir=\"ltr\">\n<div class=\"screen-reader-response\"><p role=\"status\" aria-live=\"polite\" aria-atomic=\"true\"><\/p> <ul><\/ul><\/div>\n<form action=\"\/ca\/wp-json\/wp\/v2\/pages\/5012#wpcf7-f2166-o1\" method=\"post\" class=\"wpcf7-form init\" aria-label=\"Contact form\" novalidate=\"novalidate\" data-status=\"init\">\n<div style=\"display: none;\">\n<input type=\"hidden\" name=\"_wpcf7\" value=\"2166\" \/>\n<input type=\"hidden\" name=\"_wpcf7_version\" value=\"5.9.8\" \/>\n<input type=\"hidden\" name=\"_wpcf7_locale\" value=\"en_US\" \/>\n<input type=\"hidden\" name=\"_wpcf7_unit_tag\" value=\"wpcf7-f2166-o1\" \/>\n<input type=\"hidden\" name=\"_wpcf7_container_post\" value=\"0\" \/>\n<input type=\"hidden\" name=\"_wpcf7_posted_data_hash\" value=\"\" \/>\n<input type=\"hidden\" name=\"_wpcf7_recaptcha_response\" value=\"\" \/>\n<\/div>\n<div class=\"row\">\n\t<div class=\"input-filled col-lg-6 col-md-6\" id=\"name\">\n\t\t<p><span class=\"wpcf7-form-control-wrap\" data-name=\"first-name\"><input size=\"40\" maxlength=\"400\" class=\"wpcf7-form-control wpcf7-text wpcf7-validates-as-required\" aria-required=\"true\" aria-invalid=\"false\" placeholder=\"Nombre *\" value=\"\" type=\"text\" name=\"first-name\" \/><\/span>\n\t\t<\/p>\n\t<\/div>\n\t<div class=\"input-filled col-lg-6 col-md-6\" id=\"email\">\n\t\t<p><span class=\"wpcf7-form-control-wrap\" data-name=\"your-email\"><input size=\"40\" maxlength=\"400\" class=\"wpcf7-form-control wpcf7-email wpcf7-validates-as-required wpcf7-text wpcf7-validates-as-email\" aria-required=\"true\" aria-invalid=\"false\" placeholder=\"Email *\" value=\"\" type=\"email\" name=\"your-email\" \/><\/span>\n\t\t<\/p>\n\t<\/div>\n<\/div>\n<div class=\"row\">\n\t<div class=\"input-filled col-lg-6 col-md-6\" id=\"phone\">\n\t\t<p><span class=\"wpcf7-form-control-wrap\" data-name=\"your-phone\"><input size=\"40\" maxlength=\"400\" class=\"wpcf7-form-control wpcf7-text wpcf7-validates-as-required\" aria-required=\"true\" aria-invalid=\"false\" placeholder=\"Tel\u00e9fono *\" value=\"\" type=\"text\" name=\"your-phone\" \/><\/span>\n\t\t<\/p>\n\t<\/div>\n\t<div class=\"input-filled col-lg-6 col-md-6\" id=\"poblacion\">\n\t\t<p><span class=\"wpcf7-form-control-wrap\" data-name=\"poblacion\"><input size=\"40\" maxlength=\"400\" class=\"wpcf7-form-control wpcf7-text wpcf7-validates-as-required\" aria-required=\"true\" aria-invalid=\"false\" placeholder=\"Poblaci\u00f3n *\" value=\"\" type=\"text\" name=\"poblacion\" \/><\/span>\n\t\t<\/p>\n\t<\/div>\n<\/div>\n<div class=\"row\">\n\t<div class=\"input-filled col-12\">\n\t\t<p><span class=\"wpcf7-form-control-wrap\" data-name=\"your-message\"><textarea cols=\"40\" rows=\"10\" maxlength=\"2000\" class=\"wpcf7-form-control wpcf7-textarea wpcf7-validates-as-required\" aria-required=\"true\" aria-invalid=\"false\" placeholder=\"Expl\u00edcanos tu situaci\u00f3n...\" name=\"your-message\"><\/textarea><\/span>\n\t\t<\/p>\n\t<\/div>\n\t<div class=\"input-filled col-12\">\n\t\t<p><span class=\"wpcf7-form-control-wrap\" data-name=\"acceptance-681\"><span class=\"wpcf7-form-control wpcf7-acceptance\"><span class=\"wpcf7-list-item\"><label><input type=\"checkbox\" name=\"acceptance-681\" value=\"1\" aria-invalid=\"false\" \/><span class=\"wpcf7-list-item-label\">He le\u00eddo y acepto la Pol\u00edtica de privacidad y el Aviso legal de Avanza Contigo S.L.<\/span><\/label><\/span><\/span><\/span>\n\t\t<\/p>\n\t<\/div>\n\t<div class=\"input-filled col-12\">\n\t\t<p><button type=\"submit\" class=\"wpcf7-submit btn btn-block\"><i class=\"fac fac-arrow-circle-right space-right\"><\/i>Enviar<\/button>\n\t\t<\/p>\n\t<\/div>\n<\/div><div class=\"wpcf7-response-output\" aria-hidden=\"true\"><\/div>\n<\/form>\n<\/div>\n\n<\/div>\n\t\t\t\t\t\t\t\t\t<div class=\"elementor-tab-title elementor-tab-mobile-title\" aria-selected=\"false\" data-tab=\"2\" role=\"tab\" tabindex=\"-1\" aria-controls=\"elementor-tab-content-1692\" aria-expanded=\"false\">Treballa amb nosaltres<\/div>\n\t\t\t\t\t<div id=\"elementor-tab-content-1692\" class=\"elementor-tab-content elementor-clearfix\" data-tab=\"2\" role=\"tabpanel\" aria-labelledby=\"elementor-tab-title-1692\" tabindex=\"0\" hidden=\"hidden\"><div>\n<p style=\"text-align: center; border: 1px solid #971035; border-radius: 20px; padding: 5px 20px;\"><a href=\"https:\/\/gestionandote.com\/agencia\/avanzacontigo\">Clic Aqu\u00ed i consulta les nostres ofertes<\/a><\/p>\n<\/div>\n<\/div>\n\t\t\t\t\t\t\t<\/div>\n\t\t<\/div>\n\t\t\t\t<\/div>\n\t\t\t\t<\/div>\n\t\t\t\t\t<\/div>\n\t\t\t\t<\/div>\n\t\t\t\t\t<\/div>\n\t\t\t\t<\/div>\n\t\t<div class=\"elementor-element elementor-element-bbfcbef e-flex e-con-boxed e-con e-parent\" data-id=\"bbfcbef\" data-element_type=\"container\">\n\t\t\t\t\t<div class=\"e-con-inner\">\n\t\t\t\t<div class=\"elementor-element elementor-element-c939a53 elementor-widget elementor-widget-heading\" data-id=\"c939a53\" data-element_type=\"widget\" data-widget_type=\"heading.default\">\n\t\t\t\t<div class=\"elementor-widget-container\">\n\t\t\t<h2 class=\"elementor-heading-title elementor-size-default\">En qu\u00e8 et podem ajudar?<\/h2>\t\t<\/div>\n\t\t\t\t<\/div>\n\t\t\t\t<div class=\"elementor-element elementor-element-296ea43 elementor-widget elementor-widget-text-editor\" data-id=\"296ea43\" data-element_type=\"widget\" data-widget_type=\"text-editor.default\">\n\t\t\t\t<div class=\"elementor-widget-container\">\n\t\t\t\t\t\t\t<p style=\"text-align: center;\">Si tens alguna pregunta o necessites <strong>m\u00e9s informaci\u00f3<\/strong> sobre els nostres serveis, no dubtis a posar-te en contacte amb nosaltres. El nostre equip est\u00e0 disponible <strong>per escoltar-te<\/strong> i oferir latenci\u00f3 que necessites. <\/p>\n\t\t\t\t\t\t<\/div>\n\t\t\t\t<\/div>\n\t\t\t\t\t<\/div>\n\t\t\t\t<\/div>\n\t\t<div class=\"elementor-element elementor-element-4c2cc20 e-flex e-con-boxed e-con e-parent\" data-id=\"4c2cc20\" data-element_type=\"container\">\n\t\t\t\t\t<div class=\"e-con-inner\">\n\t\t<div class=\"elementor-element elementor-element-432d592 e-con-full e-flex e-con e-child\" data-id=\"432d592\" data-element_type=\"container\">\n\t\t\t\t<div class=\"elementor-element elementor-element-ae45274 elementor-widget__width-auto elementor-widget elementor-widget-ct_fancy_box\" data-id=\"ae45274\" data-element_type=\"widget\" data-widget_type=\"ct_fancy_box.default\">\n\t\t\t\t<div class=\"elementor-widget-container\">\n\t\t\t<div class=\"ct-fancy-box ct-fancy-box-layout6  style-2\" data-wow-delay=\"ms\">\r\n            <div class=\"item--icon\">\r\n            <i aria-hidden=\"true\" class=\"flaticon flaticon-phone-call\"><\/i>        <\/div>\r\n            <div class=\"item--holder\">\r\n        <h3 class=\"item--title\">\r\n            Ll\u00e1manos al tel\u00e9fono        <\/h3>\r\n        <div class=\"item--description\"><Strong> <span style=\" font-size:20px\"> 931 580 805 <\/span><\/strong> <br>\n\nCon gusto te atenderemos de <br>\n\nLun. a Jue. de\u00a0 9h a 14h y 15h a 18h\ny los Vie. de 8h a 15h<\/div>\r\n    <\/div>\r\n            <a class=\"item--link\" href=\"tel:0034931580805\"><\/a>\r\n    <\/div>\t\t<\/div>\n\t\t\t\t<\/div>\n\t\t\t\t<\/div>\n\t\t<div class=\"elementor-element elementor-element-7574253 e-con-full e-flex e-con e-child\" data-id=\"7574253\" data-element_type=\"container\">\n\t\t\t\t<div class=\"elementor-element elementor-element-8101c0b elementor-widget__width-auto elementor-widget elementor-widget-ct_fancy_box\" data-id=\"8101c0b\" data-element_type=\"widget\" data-widget_type=\"ct_fancy_box.default\">\n\t\t\t\t<div class=\"elementor-widget-container\">\n\t\t\t<div class=\"ct-fancy-box ct-fancy-box-layout6  style-2\" data-wow-delay=\"ms\">\r\n            <div class=\"item--icon\">\r\n            <i aria-hidden=\"true\" class=\"fas fa-map-marker-alt\"><\/i>        <\/div>\r\n            <div class=\"item--holder\">\r\n        <h3 class=\"item--title\">\r\n            Oficina Palau Solit\u00e0        <\/h3>\r\n        <div class=\"item--description\">Carrer de Barcelona, 31<br>\n Palau-solit\u00e0 i Plegamans<br>\n08184 (Barcelona)\n<\/div>\r\n    <\/div>\r\n            <a class=\"item--link\" href=\"https:\/\/maps.app.goo.gl\/EXmLMSfAUEZWq7MC9\"><\/a>\r\n    <\/div>\t\t<\/div>\n\t\t\t\t<\/div>\n\t\t\t\t<\/div>\n\t\t<div class=\"elementor-element elementor-element-aa8d02b e-con-full e-flex e-con e-child\" data-id=\"aa8d02b\" data-element_type=\"container\">\n\t\t\t\t<div class=\"elementor-element elementor-element-69ebfc8 elementor-widget__width-auto elementor-widget elementor-widget-ct_fancy_box\" data-id=\"69ebfc8\" data-element_type=\"widget\" data-widget_type=\"ct_fancy_box.default\">\n\t\t\t\t<div class=\"elementor-widget-container\">\n\t\t\t<div class=\"ct-fancy-box ct-fancy-box-layout6  style-2\" data-wow-delay=\"ms\">\r\n            <div class=\"item--icon\">\r\n            <i aria-hidden=\"true\" class=\"fas fa-map-marker-alt\"><\/i>        <\/div>\r\n            <div class=\"item--holder\">\r\n        <h3 class=\"item--title\">\r\n            Oficina Granollers        <\/h3>\r\n        <div class=\"item--description\">Carrer de Foment, 5, 08402 Granollers, Barcelona\n<\/div>\r\n    <\/div>\r\n            <a class=\"item--link\" href=\"https:\/\/maps.app.goo.gl\/M9u3QBwnjVXEwfFw8\"><\/a>\r\n    <\/div>\t\t<\/div>\n\t\t\t\t<\/div>\n\t\t\t\t<\/div>\n\t\t<div class=\"elementor-element elementor-element-e33cb24 e-con-full e-flex e-con e-child\" data-id=\"e33cb24\" data-element_type=\"container\">\n\t\t\t\t<div class=\"elementor-element elementor-element-dbcd3ea elementor-widget__width-auto elementor-widget elementor-widget-ct_fancy_box\" data-id=\"dbcd3ea\" data-element_type=\"widget\" data-widget_type=\"ct_fancy_box.default\">\n\t\t\t\t<div class=\"elementor-widget-container\">\n\t\t\t<div class=\"ct-fancy-box ct-fancy-box-layout6  style-2\" data-wow-delay=\"ms\">\r\n            <div class=\"item--icon\">\r\n            <i aria-hidden=\"true\" class=\"fas fa-envelope\"><\/i>        <\/div>\r\n            <div class=\"item--holder\">\r\n        <h3 class=\"item--title\">\r\n            E-mail        <\/h3>\r\n        <div class=\"item--description\">puedes contactarnos enviandonos un email a la siguiente direcci\u00f3n \ncomercial@avanza.cat<\/div>\r\n    <\/div>\r\n            <a class=\"item--link\" href=\"mailto:comercial@avanza.cat\"><\/a>\r\n    <\/div>\t\t<\/div>\n\t\t\t\t<\/div>\n\t\t\t\t<\/div>\n\t\t\t\t\t<\/div>\n\t\t\t\t<\/div>\n\t\t\t\t<\/div>\n\t\t","protected":false},"excerpt":{"rendered":"<p>Cont\u00e0ctans i millora la qualitat de vida de la teva fam\u00edlia, Junts, podem crear un pla personalitzat que garanteixi el benestar i la comoditat dels teus \u00e9ssers estimats. Formulari de contacte Treballa amb nosaltres Formulari de contacte He le\u00eddo y acepto la Pol\u00edtica de privacidad y el Aviso legal de Avanza Contigo S.L. Enviar Treballa [&hellip;]<\/p>\n","protected":false},"author":1,"featured_media":0,"parent":0,"menu_order":0,"comment_status":"closed","ping_status":"closed","template":"","meta":{"footnotes":""},"class_list":["post-5012","page","type-page","status-publish","hentry"],"yoast_head":"<!-- This site is optimized with the Yoast SEO plugin v23.7 - https:\/\/yoast.com\/wordpress\/plugins\/seo\/ -->\n<title>Contacte - Avanza Contigo<\/title>\n<meta name=\"robots\" content=\"index, follow, max-snippet:-1, max-image-preview:large, max-video-preview:-1\" \/>\n<link rel=\"canonical\" href=\"https:\/\/avanza.cat\/ca\/contacte\/\" \/>\n<meta property=\"og:locale\" content=\"ca_ES\" \/>\n<meta property=\"og:type\" content=\"article\" \/>\n<meta property=\"og:title\" content=\"Contacte - Avanza Contigo\" \/>\n<meta property=\"og:description\" content=\"Cont\u00e0ctans i millora la qualitat de vida de la teva fam\u00edlia, Junts, podem crear un pla personalitzat que garanteixi el benestar i la comoditat dels teus \u00e9ssers estimats. Formulari de contacte Treballa amb nosaltres Formulari de contacte He le\u00eddo y acepto la Pol\u00edtica de privacidad y el Aviso legal de Avanza Contigo S.L. Enviar Treballa [&hellip;]\" \/>\n<meta property=\"og:url\" content=\"https:\/\/avanza.cat\/ca\/contacte\/\" \/>\n<meta property=\"og:site_name\" content=\"Avanza Contigo\" \/>\n<meta property=\"article:modified_time\" content=\"2024-09-24T12:17:23+00:00\" \/>\n<meta property=\"og:image\" content=\"https:\/\/avanza.cat\/wp-content\/uploads\/2024\/07\/cuidado-calidad.webp\" \/>\n<meta name=\"twitter:card\" content=\"summary_large_image\" \/>\n<meta name=\"twitter:label1\" content=\"Temps estimat de lectura\" \/>\n\t<meta name=\"twitter:data1\" content=\"1 minut\" \/>\n<script type=\"application\/ld+json\" class=\"yoast-schema-graph\">{\"@context\":\"https:\/\/schema.org\",\"@graph\":[{\"@type\":\"WebPage\",\"@id\":\"https:\/\/avanza.cat\/ca\/contacte\/\",\"url\":\"https:\/\/avanza.cat\/ca\/contacte\/\",\"name\":\"Contacte - Avanza Contigo\",\"isPartOf\":{\"@id\":\"https:\/\/avanza.cat\/#website\"},\"primaryImageOfPage\":{\"@id\":\"https:\/\/avanza.cat\/ca\/contacte\/#primaryimage\"},\"image\":{\"@id\":\"https:\/\/avanza.cat\/ca\/contacte\/#primaryimage\"},\"thumbnailUrl\":\"https:\/\/avanza.cat\/wp-content\/uploads\/2024\/07\/cuidado-calidad.webp\",\"datePublished\":\"2023-01-10T07:04:10+00:00\",\"dateModified\":\"2024-09-24T12:17:23+00:00\",\"breadcrumb\":{\"@id\":\"https:\/\/avanza.cat\/ca\/contacte\/#breadcrumb\"},\"inLanguage\":\"ca\",\"potentialAction\":[{\"@type\":\"ReadAction\",\"target\":[\"https:\/\/avanza.cat\/ca\/contacte\/\"]}]},{\"@type\":\"ImageObject\",\"inLanguage\":\"ca\",\"@id\":\"https:\/\/avanza.cat\/ca\/contacte\/#primaryimage\",\"url\":\"https:\/\/avanza.cat\/wp-content\/uploads\/2024\/07\/cuidado-calidad.webp\",\"contentUrl\":\"https:\/\/avanza.cat\/wp-content\/uploads\/2024\/07\/cuidado-calidad.webp\"},{\"@type\":\"BreadcrumbList\",\"@id\":\"https:\/\/avanza.cat\/ca\/contacte\/#breadcrumb\",\"itemListElement\":[{\"@type\":\"ListItem\",\"position\":1,\"name\":\"Portada\",\"item\":\"https:\/\/avanza.cat\/\"},{\"@type\":\"ListItem\",\"position\":2,\"name\":\"Contacte\"}]},{\"@type\":\"WebSite\",\"@id\":\"https:\/\/avanza.cat\/#website\",\"url\":\"https:\/\/avanza.cat\/\",\"name\":\"Avanza Contigo\",\"description\":\"\",\"potentialAction\":[{\"@type\":\"SearchAction\",\"target\":{\"@type\":\"EntryPoint\",\"urlTemplate\":\"https:\/\/avanza.cat\/?s={search_term_string}\"},\"query-input\":{\"@type\":\"PropertyValueSpecification\",\"valueRequired\":true,\"valueName\":\"search_term_string\"}}],\"inLanguage\":\"ca\"}]}<\/script>\n<!-- \/ Yoast SEO plugin. -->","yoast_head_json":{"title":"Contacte - Avanza Contigo","robots":{"index":"index","follow":"follow","max-snippet":"max-snippet:-1","max-image-preview":"max-image-preview:large","max-video-preview":"max-video-preview:-1"},"canonical":"https:\/\/avanza.cat\/ca\/contacte\/","og_locale":"ca_ES","og_type":"article","og_title":"Contacte - Avanza Contigo","og_description":"Cont\u00e0ctans i millora la qualitat de vida de la teva fam\u00edlia, Junts, podem crear un pla personalitzat que garanteixi el benestar i la comoditat dels teus \u00e9ssers estimats. Formulari de contacte Treballa amb nosaltres Formulari de contacte He le\u00eddo y acepto la Pol\u00edtica de privacidad y el Aviso legal de Avanza Contigo S.L. Enviar Treballa [&hellip;]","og_url":"https:\/\/avanza.cat\/ca\/contacte\/","og_site_name":"Avanza Contigo","article_modified_time":"2024-09-24T12:17:23+00:00","og_image":[{"url":"https:\/\/avanza.cat\/wp-content\/uploads\/2024\/07\/cuidado-calidad.webp"}],"twitter_card":"summary_large_image","twitter_misc":{"Temps estimat de lectura":"1 minut"},"schema":{"@context":"https:\/\/schema.org","@graph":[{"@type":"WebPage","@id":"https:\/\/avanza.cat\/ca\/contacte\/","url":"https:\/\/avanza.cat\/ca\/contacte\/","name":"Contacte - Avanza Contigo","isPartOf":{"@id":"https:\/\/avanza.cat\/#website"},"primaryImageOfPage":{"@id":"https:\/\/avanza.cat\/ca\/contacte\/#primaryimage"},"image":{"@id":"https:\/\/avanza.cat\/ca\/contacte\/#primaryimage"},"thumbnailUrl":"https:\/\/avanza.cat\/wp-content\/uploads\/2024\/07\/cuidado-calidad.webp","datePublished":"2023-01-10T07:04:10+00:00","dateModified":"2024-09-24T12:17:23+00:00","breadcrumb":{"@id":"https:\/\/avanza.cat\/ca\/contacte\/#breadcrumb"},"inLanguage":"ca","potentialAction":[{"@type":"ReadAction","target":["https:\/\/avanza.cat\/ca\/contacte\/"]}]},{"@type":"ImageObject","inLanguage":"ca","@id":"https:\/\/avanza.cat\/ca\/contacte\/#primaryimage","url":"https:\/\/avanza.cat\/wp-content\/uploads\/2024\/07\/cuidado-calidad.webp","contentUrl":"https:\/\/avanza.cat\/wp-content\/uploads\/2024\/07\/cuidado-calidad.webp"},{"@type":"BreadcrumbList","@id":"https:\/\/avanza.cat\/ca\/contacte\/#breadcrumb","itemListElement":[{"@type":"ListItem","position":1,"name":"Portada","item":"https:\/\/avanza.cat\/"},{"@type":"ListItem","position":2,"name":"Contacte"}]},{"@type":"WebSite","@id":"https:\/\/avanza.cat\/#website","url":"https:\/\/avanza.cat\/","name":"Avanza Contigo","description":"","potentialAction":[{"@type":"SearchAction","target":{"@type":"EntryPoint","urlTemplate":"https:\/\/avanza.cat\/?s={search_term_string}"},"query-input":{"@type":"PropertyValueSpecification","valueRequired":true,"valueName":"search_term_string"}}],"inLanguage":"ca"}]}},"_links":{"self":[{"href":"https:\/\/avanza.cat\/ca\/wp-json\/wp\/v2\/pages\/5012","targetHints":{"allow":["GET"]}}],"collection":[{"href":"https:\/\/avanza.cat\/ca\/wp-json\/wp\/v2\/pages"}],"about":[{"href":"https:\/\/avanza.cat\/ca\/wp-json\/wp\/v2\/types\/page"}],"author":[{"embeddable":true,"href":"https:\/\/avanza.cat\/ca\/wp-json\/wp\/v2\/users\/1"}],"replies":[{"embeddable":true,"href":"https:\/\/avanza.cat\/ca\/wp-json\/wp\/v2\/comments?post=5012"}],"version-history":[{"count":0,"href":"https:\/\/avanza.cat\/ca\/wp-json\/wp\/v2\/pages\/5012\/revisions"}],"wp:attachment":[{"href":"https:\/\/avanza.cat\/ca\/wp-json\/wp\/v2\/media?parent=5012"}],"curies":[{"name":"wp","href":"https:\/\/api.w.org\/{rel}","templated":true}]}}